{"id":731,"date":"2015-03-16T20:31:37","date_gmt":"2015-03-16T20:31:37","guid":{"rendered":"https:\/\/quirera.com\/pmcb\/?page_id=731"},"modified":"2015-10-09T13:34:17","modified_gmt":"2015-10-09T13:34:17","slug":"camara-ensemble","status":"publish","type":"page","link":"https:\/\/quirera.com\/pmcb\/camara-ensemble\/","title":{"rendered":"Camar\u00e1 Ensemble"},"content":{"rendered":"<div id=\"pl-731\"  class=\"panel-layout\" ><div id=\"pg-731-0\"  class=\"panel-grid panel-no-style\" ><div id=\"pgc-731-0-0\"  class=\"panel-grid-cell\" >\n          <div id=\"panel-731-0-0-0\" class=\"so-panel widget widget_kadence_gallery_widget kadence_gallery_widget panel-first-child panel-last-child\" data-index=\"0\" ><h3 class=\"widget-title\">Camar\u00e1 Ensemble<\/h3>                <div id=\"flexslider57\" class=\"flexslider loading kt-flexslider\" style=\"max-width:1140px;\" data-flex-speed=\"9000\" data-flex-anim-speed=\"700\" data-flex-animation=\"fade\" data-flex-auto=\"true\">\n                    <ul class=\"slides kad-light-wp-gallery\">\n                   <li><a href=\"https:\/\/quirera.com\/pmcb\/wp-content\/uploads\/2015\/03\/camara-6.jpg\" data-rel=\"lightbox\" class=\"lightboxhover\"><img src=\"https:\/\/quirera.com\/pmcb\/wp-content\/uploads\/2015\/03\/camara-6-1140x500.jpg\" width=\"1140\" height=\"500\" alt=\"\" class=\"\"\/><\/a><\/li><li><a href=\"https:\/\/quirera.com\/pmcb\/wp-content\/uploads\/2015\/03\/IMG_6799.jpg\" data-rel=\"lightbox\" class=\"lightboxhover\"><img src=\"https:\/\/quirera.com\/pmcb\/wp-content\/uploads\/2015\/03\/IMG_6799-1140x500.jpg\" width=\"1140\" height=\"500\" alt=\"\" class=\"\"\/><\/a><\/li><li><a href=\"https:\/\/quirera.com\/pmcb\/wp-content\/uploads\/2015\/03\/camara0011.jpg\" data-rel=\"lightbox\" class=\"lightboxhover\"><img src=\"https:\/\/quirera.com\/pmcb\/wp-content\/uploads\/2015\/03\/camara0011-1140x500.jpg\" width=\"1140\" height=\"500\" alt=\"\" class=\"\"\/><\/a><\/li>                      <\/ul>\n                  <\/div> <!--Flex Slides-->\n  <\/div>\n    <\/div><\/div><div id=\"pg-731-1\"  class=\"panel-grid panel-no-style\" ><div id=\"pgc-731-1-0\"  class=\"panel-grid-cell\" ><div id=\"panel-731-1-0-0\" class=\"so-panel widget widget_black-studio-tinymce widget_black_studio_tinymce panel-first-child panel-last-child\" data-index=\"1\" ><div class=\"textwidget\"><h4 style=\"text-align: justify;\">O que \u00e9 o Camar\u00e1?<\/h4>\n<p>O que \u00e9 o Camar\u00e1?<\/p>\n<p style=\"text-align: justify;\">O <em>Camar\u00e1 Ensemble<\/em>\u00a0\u00e9 um grupo de m\u00fasica de Salvador\/BA que se dedica \u00e0 estreia e grava\u00e7\u00e3o de obras de compositores brasileiros de m\u00fasica de concerto contempor\u00e2nea. O grupo conta com a colabora\u00e7\u00e3o de mais de uma quinzena de m\u00fasicos em sua forma\u00e7\u00e3o, todos ligados \u00e0 Escola de M\u00fasica da UFBA. At\u00e9 outubro de 2012, apenas um ano ap\u00f3s a sua funda\u00e7\u00e3o, cerca de vinte compositores tiveram obras encomendadas pelo conjunto, que estreou em dezembro de 2011.<\/p>\n<p style=\"text-align: justify;\">O foco do Camar\u00e1 \u00e9 na m\u00fasica de concerto contempor\u00e2nea feita por compositores brasileiros e especialmente baianos, pois ela representa um ponto de partida cr\u00edtico, instigante e sedutor para o ingresso no rico universo da \u201cm\u00fasica erudita\u201d e da m\u00fasica instrumental. Afinal, tratam-se de obras atuais, ligadas aos nossos dias e sobretudo aos movimentos culturais que nos cercam, em di\u00e1logo \u00edntimo com toda aquela j\u00e1 conhecida \u2013 mas nem sempre bem apresentada, apreciada ou consumida \u2013 tradi\u00e7\u00e3o da \u201cm\u00fasica cl\u00e1ssica.\u201d<\/p>\n<p style=\"text-align: justify;\">No final do ano de 2011, com o espet\u00e1culo \u201cM\u00fasica Baiana?\u201d, o Camar\u00e1 fez a sua estreia com a realiza\u00e7\u00e3o de dois concertos e a grava\u00e7\u00e3o de um \u00e1lbum digital; em junho de 2012, outro novo espet\u00e1culo \u2013 o \u201csopro em brasa\u201d \u2013 foi estreado, dentro da programa\u00e7\u00e3o do MAB - M\u00fasica de Agora na Bahia; em setembro do mesmo ano, foi a vez do espet\u00e1culo Bai\u00e3o Dilu\u00eddo, onde cinco obras in\u00e9ditas de compositores de tr\u00eas estados foram apresentadas, todas elas baseadas em can\u00e7\u00f5es de Luiz Gonzaga, ou inspiradas no universo cantado pelo Rei do Bai\u00e3o.<\/p>\n<p style=\"text-align: justify;\">Em 2013, o grupo inciou o ano com o espet\u00e1culo \u201cJ\u00e1\u201d, um concerto em homenagem a Jorge Amado, com a estreia de sete obras in\u00e9ditas dedicadas ao autor baiano, com a participa\u00e7\u00e3o especial do regente norte-americano Jack Fortner. Em agosto do mesmo ano, realizou o espet\u00e1culo \u201cCh\u00e3o \u2013 um concerto solo\u201d, realizado com o apoio do Palacete das Artes Rodin Bahia, \u00e9 dedicado ao virtuosismo dos integrantes do ensemble, que tem se apresentado sempre em forma\u00e7\u00f5es maiores do que o quarteto.<\/p>\n<p style=\"text-align: justify;\">Ainda em 2013, marcou presen\u00e7a nos concertos de mestrado do compositor Ataualba Meirelles e da violoncelista Fernanda Monteiro, e no show do cantor e compositor Dimazz, com a Cascadura, tocando o arranjo da can\u00e7\u00e3o \u201cA Verdadeira\u201d, faixa gravada em seu \u00faltimo \u00e1lbum, \u201cAleluia\u201d.<\/p>\n<p style=\"text-align: justify;\">\u00a0<\/p>\n<p style=\"text-align: justify;\"><div class=\"hrule clearfix\" style=\" height:1px\"><\/div>\n<\/div><\/div><\/div><\/div><div id=\"pg-731-2\"  class=\"panel-grid panel-has-style\" ><div class=\"siteorigin-panels-stretch kt-panel-row-full-stretch panel-row-style panel-row-style-for-731-2\" style=\"visibility: hidden;\" data-stretch-type=\"full-stretched\" ><div id=\"pgc-731-2-0\"  class=\"panel-grid-cell\" ><div id=\"panel-731-2-0-0\" class=\"so-panel widget widget_black-studio-tinymce widget_black_studio_tinymce panel-first-child panel-last-child\" data-index=\"2\" ><div class=\"textwidget\"><div tabindex=\"0\" class=\"cycloneslider cycloneslider-template-standard cycloneslider-width-responsive\" id=\"cycloneslider-camara-slide-1\" style=\"max-width:960px\" > <div class=\"cycloneslider-slides cycle-slideshow\" data-cycle-allow-wrap=\"false\" data-cycle-dynamic-height=\"off\" data-cycle-auto-height=\"960:600\" data-cycle-auto-height-easing=\"null\" data-cycle-auto-height-speed=\"250\" data-cycle-delay=\"0\" data-cycle-easing=\"\" data-cycle-fx=\"fade\" data-cycle-hide-non-active=\"false\" data-cycle-log=\"false\" data-cycle-next=\"#cycloneslider-camara-slide-1 .cycloneslider-next\" data-cycle-pager=\"#cycloneslider-camara-slide-1 .cycloneslider-pager\" data-cycle-pause-on-hover=\"true\" data-cycle-prev=\"#cycloneslider-camara-slide-1 .cycloneslider-prev\" data-cycle-slides=\"&gt; div\" data-cycle-speed=\"1000\" data-cycle-swipe=\"false\" data-cycle-tile-count=\"7\" data-cycle-tile-delay=\"100\" data-cycle-tile-vertical=\"true\" data-cycle-timeout=\"4000\" > <div class=\"cycloneslider-slide cycloneslider-slide-youtube\" style=\"padding-bottom:62.5%\"> <iframe id=\"cycloneslider-camara-slide-1-iframe-0\" width=\"960\" height=\"600\" src=\"\/\/www.youtube.com\/embed\/WgxBLGU-z8U?wmode=transparent\" frameborder=\"0\" allowfullscreen><\/iframe> <\/div> <div class=\"cycloneslider-slide cycloneslider-slide-youtube\" style=\"padding-bottom:62.5%\"> <iframe id=\"cycloneslider-camara-slide-1-iframe-1\" width=\"960\" height=\"600\" src=\"\/\/www.youtube.com\/embed\/4ctZXlFzxfY?wmode=transparent\" frameborder=\"0\" allowfullscreen><\/iframe> <\/div> <div class=\"cycloneslider-slide cycloneslider-slide-youtube\" style=\"padding-bottom:62.5%\"> <iframe id=\"cycloneslider-camara-slide-1-iframe-2\" width=\"960\" height=\"600\" src=\"\/\/www.youtube.com\/embed\/i0S6uzYm8mQ?wmode=transparent&rel=0\" frameborder=\"0\" allowfullscreen><\/iframe> <\/div> <\/div> <div class=\"cycloneslider-pager\"><\/div> <a href=\"#\" class=\"cycloneslider-prev\"> <span class=\"arrow\"><\/span> <\/a> <a href=\"#\" class=\"cycloneslider-next\"> <span class=\"arrow\"><\/span> <\/a> <\/div>\n<\/div><\/div><\/div><\/div><\/div><div id=\"pg-731-3\"  class=\"panel-grid panel-no-style\" ><div id=\"pgc-731-3-0\"  class=\"panel-grid-cell\" ><div id=\"panel-731-3-0-0\" class=\"so-panel widget widget_black-studio-tinymce widget_black_studio_tinymce panel-first-child panel-last-child\" data-index=\"3\" ><h3 class=\"widget-title\">M\u00fasicos<\/h3><div class=\"textwidget\"><\/div><\/div><\/div><\/div><\/div>","protected":false},"excerpt":{"rendered":"<p>O que \u00e9 o Camar\u00e1?O que \u00e9 o Camar\u00e1?O Camar\u00e1 Ensemble\u00a0\u00e9 um grupo de m\u00fasica de Salvador\/BA que se dedica &hellip; <a href=\"https:\/\/quirera.com\/pmcb\/camara-ensemble\/\">Continue lendo<\/a><\/p>\n","protected":false},"author":1,"featured_media":0,"parent":0,"menu_order":0,"comment_status":"open","ping_status":"open","template":"template-staff-grid.php","meta":[],"_links":{"self":[{"href":"https:\/\/quirera.com\/pmcb\/wp-json\/wp\/v2\/pages\/731"}],"collection":[{"href":"https:\/\/quirera.com\/pmcb\/wp-json\/wp\/v2\/pages"}],"about":[{"href":"https:\/\/quirera.com\/pmcb\/wp-json\/wp\/v2\/types\/page"}],"author":[{"embeddable":true,"href":"https:\/\/quirera.com\/pmcb\/wp-json\/wp\/v2\/users\/1"}],"replies":[{"embeddable":true,"href":"https:\/\/quirera.com\/pmcb\/wp-json\/wp\/v2\/comments?post=731"}],"version-history":[{"count":44,"href":"https:\/\/quirera.com\/pmcb\/wp-json\/wp\/v2\/pages\/731\/revisions"}],"predecessor-version":[{"id":1449,"href":"https:\/\/quirera.com\/pmcb\/wp-json\/wp\/v2\/pages\/731\/revisions\/1449"}],"wp:attachment":[{"href":"https:\/\/quirera.com\/pmcb\/wp-json\/wp\/v2\/media?parent=731"}],"curies":[{"name":"wp","href":"https:\/\/api.w.org\/{rel}","templated":true}]}}