{"id":258,"date":"2014-08-29T22:47:16","date_gmt":"2014-08-29T22:47:16","guid":{"rendered":"http:\/\/themes.kadencethemes.com\/pinnacle-demo-content\/?page_id=258"},"modified":"2015-03-18T03:14:39","modified_gmt":"2015-03-18T03:14:39","slug":"depoimentos","status":"publish","type":"page","link":"https:\/\/quirera.com\/pmcb\/depoimentos\/","title":{"rendered":"Depoimentos"},"content":{"rendered":"<div id=\"pl-258\"  class=\"panel-layout\" ><div id=\"pg-258-0\"  class=\"panel-grid panel-has-style\" ><div style=\"padding-top: 20px; \" class=\"panel-row-style panel-row-style-for-258-0\" ><div id=\"pgc-258-0-0\"  class=\"panel-grid-cell\" ><div id=\"panel-258-0-0-0\" class=\"so-panel widget widget_text panel-first-child panel-last-child\" data-index=\"0\" >\t\t\t<div class=\"textwidget\">\t\t\t\t<div class=\"home-testimonial\">\n\t\t\t\t\t\t<div id=\"testimonialwrapper-30\" class=\"rowtight init-isotope\" data-iso-selector=\".t_item\" data-iso-style=\"masonry\" data-fade-in=\"1\" data-iso-filter=\"false\"> \n            \t\t\t\t\t\t\t\t\t<div class=\"tcol-md-4 tcol-sm-4 tcol-xs-6 tcol-ss-12 t_item\">\n                \t\t<div class=\"grid_item testimonial_item kt_item_fade_in kad_testimonial_fade_in\">\n                \t\t\t<div class=\"testimonialbox\">\n\t\t\t\t\t\t\t\t                                <p>\u00d3tima iniciativa! Uma grande ideia, aliada a uma boa gest\u00e3o e organiza\u00e7\u00e3o dos acontecimentos. Intera\u00e7\u00e3o muito boa entre o Ensemble e os compositores, parecendo um grande e \u00fanico grupo. O concerto, em si, superou as minhas expectativas. Fiquei surpreso com o p\u00fablico! bastante gente, que recebeu calorosamente todas as m\u00fasicas! Acho que esse foi o ponto mais alto, a meu ver. Parab\u00e9ns ao PMCB, e que venham outros!<\/p>\n\t\t\t                    <\/div>\n\t\t\t                    <div class=\"testimonialbottom\">\n\t\t\t                    \t<div class=\"lipbg kad-arrow-down\"><\/div>\n\t\t\t                    \t<p><strong>Andr\u00e9 Fidelis<\/strong>\n\t\t\t                    \t\t\t      \t\t\t\t\t\t<\/p>\n\t\t\t                <\/div>\n\t\t\t            <\/div>\n                \t<\/div>\n\t\t\t\t\t\t\t\t\t\t\t\t\t\t<div class=\"tcol-md-4 tcol-sm-4 tcol-xs-6 tcol-ss-12 t_item\">\n                \t\t<div class=\"grid_item testimonial_item kt_item_fade_in kad_testimonial_fade_in\">\n                \t\t\t<div class=\"testimonialbox\">\n\t\t\t\t\t\t\t\t                                <p>Acredito que o PMCB foi uma das melhores coisas, sen\u00e3o a melhor, para o cen\u00e1rio da m\u00fasica erudita no Brasil nos \u00faltimos anos. Especialnente por comprovar que a Bahia \u00e9 um importante celeiro para tal produ\u00e7\u00e3o musical. Foi um marco sobretudo porque mostrou que, na ra\u00e7a, as coisas podem de fato acontecer contrariando estere\u00f3tipos e expectativas que s\u00f3 fomentam o preconceito. \u00c9 um real encorajamento para n\u00f3s, compositores. Esperamos que este esp\u00edrito de celebra\u00e7\u00e3o, muito maior do que o de competi\u00e7\u00e3o, fomente cada vez mais a cena. O p\u00fablico haver\u00e1 de sentir o impacto &#8211; que compareceu em uma quantidade verdadeiramente generosa. Foi muito simb\u00f3lica a tem\u00e1tica desse 1o ano, Erudito com Ax\u00e9. E que haja mais ax\u00e9, energia, para atingir os anfiteatros e demonstrar que a m\u00fasica contempor\u00e2nea n\u00e3o \u00e9 um territ\u00f3rio inacess\u00edvel. \u00c9 um dever dos poderes p\u00fablicos perceber esta import\u00e2ncia. E parab\u00e9ns aos amigos compositores e ao Camar\u00e1 Ensemble pela coragem. Parab\u00e9ns \u00e0 comiss\u00e3o organizadora pela vontade de fazer um trabalho digno e de responsabilidade. E que as li\u00e7\u00f5es deste primeiro ano sejam cada vez mais assimiladas para o amadurecimento. (E eu, como um dos compositores selecionados, fico na torcida para que haja novo concerto e grava\u00e7\u00e3o das 10 selecionadas.) AX\u00c9!<\/p>\n\t\t\t                    <\/div>\n\t\t\t                    <div class=\"testimonialbottom\">\n\t\t\t                    \t<div class=\"lipbg kad-arrow-down\"><\/div>\n\t\t\t                    \t<p><strong>George Christian Vilela Pereira<\/strong>\n\t\t\t                    \t\t - Salvador\t      \t\t\t\t\t\t<\/p>\n\t\t\t                <\/div>\n\t\t\t            <\/div>\n                \t<\/div>\n\t\t\t\t\t                <\/div> <!-- testimonialwrapper -->\n                    \t\t<\/div><!-- \/.home-testimonial -->\t\n\n\t<\/div>\n\t\t<\/div><\/div><\/div><\/div><div id=\"pg-258-1\"  class=\"panel-grid panel-has-style\"  style=\"margin-bottom: 0px;margin-left: 0px;margin-right: 0px;\" ><div class=\"wide-parallax siteorigin-panels-stretch kt-panel-row-full-stretch panel-row-style panel-row-style-for-258-1\" style=\"background-image: url(https:\/\/quirera.com\/pmcb\/wp-content\/uploads\/2014\/08\/imagem_bottom.jpg);background-size: cover;visibility: hidden;\" data-stretch-type=\"full-stretched\" ><div id=\"pgc-258-1-0\"  class=\"panel-grid-cell\" >    <div id=\"panel-258-1-0-0\" class=\"so-panel widget widget_kadence_testimonials_slider kadence_testimonials_slider panel-first-child panel-last-child\" data-index=\"1\" >    <style type=\"text\/css\">#testimonial-c-case-59 .widget-title {color:#ffffff} #testimonial-c-case-59 .widget-title:after {background-color:#ffffff}<\/style>    <div id=\"testimonial-c-case-59\">\n    <h3 class=\"widget-title\">Depoimentos<\/h3>        <div class=\"fredcarousel\">\n          <div id=\"carouselcontainer-59\" class=\"rowtight kt-testimonail-carousel\">\n          <div id=\"testimonial-carousel-59\" class=\"kad-testimonial-carousel\">\n                        <div class=\"tcol-lg-12 tcol-md-12 tcol-sm-12 tcol-xs-12 tcol-ss-12 t_item\">\n              <div class=\"grid_item testimonial_item all\">\n                <div class=\"testimonialbox clearfix\" style=\"background: rgba(255, 255, 255, 0.8); color:#444444\">\n                                  \u00d3tima iniciativa! Uma grande ideia, aliada a uma boa gest\u00e3o e organiza\u00e7\u00e3o dos acontecimentos. Intera\u00e7\u00e3o muito boa entre o Ensemble e os compositores, parecendo um grande e \u00fanico grupo. O concerto, em si, superou as minhas expectativas. Fiquei surpreso&#8230;\n                                  <\/div>\n                <div class=\"testimonialbottom\">\n                <div class=\"lipbg kad-arrow-down\" style=\"border-top-color: rgba(255, 255, 255, 0.8);\"><\/div>\n                <p style=\"color:#ffffff\"><strong>Andr\u00e9 Fidelis<\/strong>\n                                <\/p>\n                <\/div> <!--testimonial bottom -->\n              <\/div> <!-- grid item -->\n            <\/div> <!--itemsize -->\n                  <div class=\"tcol-lg-12 tcol-md-12 tcol-sm-12 tcol-xs-12 tcol-ss-12 t_item\">\n              <div class=\"grid_item testimonial_item all\">\n                <div class=\"testimonialbox clearfix\" style=\"background: rgba(255, 255, 255, 0.8); color:#444444\">\n                                  Acredito que o PMCB foi uma das melhores coisas, sen\u00e3o a melhor, para o cen\u00e1rio da m\u00fasica erudita no Brasil nos \u00faltimos anos. Especialnente por comprovar que a Bahia \u00e9 um importante celeiro para tal produ\u00e7\u00e3o musical. Foi um&#8230;\n                                  <\/div>\n                <div class=\"testimonialbottom\">\n                <div class=\"lipbg kad-arrow-down\" style=\"border-top-color: rgba(255, 255, 255, 0.8);\"><\/div>\n                <p style=\"color:#ffffff\"><strong>George Christian Vilela Pereira<\/strong>\n                 - Salvador                <\/p>\n                <\/div> <!--testimonial bottom -->\n              <\/div> <!-- grid item -->\n            <\/div> <!--itemsize -->\n              <\/div>\n      <\/div>\n        <div class=\"clearfix\"><\/div>\n        <a class=\"prev kt-icon-arrow-left test-prev\" id=\"prevport-59\" style=\"background: rgba(255, 255, 255, 0.8); color:#444444\" href=\"#\"><\/a>\n        <a class=\"next kt-icon-arrow-right test-next\" id=\"nextport-59\" style=\"background: rgba(255, 255, 255, 0.8); color:#444444\" href=\"#\"><\/a>\n    <\/div>\n    <script type=\"text\/javascript\"> jQuery( window ).load(function () {var $wcontainer = jQuery('#carouselcontainer-59'); var $container = jQuery('#testimonial-carousel-59'); \n          function ini_testCarousel() {\n            $container.carouFredSel({scroll: { items:1, easing: \"swing\", duration: 700, pauseOnHover : true}, auto: {play: true, timeoutDuration: 11000},prev: '#prevport-59', next: '#nextport-59', pagination: false, swipe: true, items: {visible: null}});\n          }\n          setWidths();\n          ini_testCarousel();\n          jQuery(window).on(\"debouncedresize\", function( event ) { $container.trigger(\"destroy\"); setWidths(); ini_testCarousel();});\n          $wcontainer.animate({'opacity' : 1});\n          function getUnitWidth() {var width;\n          if(jQuery(window).width() <= 480) {\n          width = $wcontainer.width() \/ 1;\n          } else if(jQuery(window).width() <= 768) {\n          width = $wcontainer.width() \/ 1;\n          } else if(jQuery(window).width() <= 990) {\n          width = $wcontainer.width() \/ 1;\n          } else {\n          width = $wcontainer.width() \/ 1;\n          }\n          return width;\n          }\n          function setWidths() {\n          var unitWidth = getUnitWidth() -1;\n          $container.children().css({ width: unitWidth });\n          } });\n      <\/script>\n      <\/div>      \n    <\/div><\/div><\/div><\/div><\/div>","protected":false},"excerpt":{"rendered":"<p>dasdasdsadad dsa Muito bom. Adorei Patrik &#8211; UCSal Phasellus porta, nibh quis viverra posuere, lectus dui consectetur purus, in placerat &hellip; <a href=\"https:\/\/quirera.com\/pmcb\/testimonial\/george-christian-vilela-pereira\/\">Continue lendo<\/a><\/p>\n","protected":false},"author":1,"featured_media":0,"parent":0,"menu_order":0,"comment_status":"open","ping_status":"open","template":"template-pagebuilder.php","meta":[],"_links":{"self":[{"href":"https:\/\/quirera.com\/pmcb\/wp-json\/wp\/v2\/pages\/258"}],"collection":[{"href":"https:\/\/quirera.com\/pmcb\/wp-json\/wp\/v2\/pages"}],"about":[{"href":"https:\/\/quirera.com\/pmcb\/wp-json\/wp\/v2\/types\/page"}],"author":[{"embeddable":true,"href":"https:\/\/quirera.com\/pmcb\/wp-json\/wp\/v2\/users\/1"}],"replies":[{"embeddable":true,"href":"https:\/\/quirera.com\/pmcb\/wp-json\/wp\/v2\/comments?post=258"}],"version-history":[{"count":13,"href":"https:\/\/quirera.com\/pmcb\/wp-json\/wp\/v2\/pages\/258\/revisions"}],"predecessor-version":[{"id":974,"href":"https:\/\/quirera.com\/pmcb\/wp-json\/wp\/v2\/pages\/258\/revisions\/974"}],"wp:attachment":[{"href":"https:\/\/quirera.com\/pmcb\/wp-json\/wp\/v2\/media?parent=258"}],"curies":[{"name":"wp","href":"https:\/\/api.w.org\/{rel}","templated":true}]}}