{"id":204,"date":"2014-08-29T19:02:51","date_gmt":"2014-08-29T19:02:51","guid":{"rendered":"http:\/\/themes.kadencethemes.com\/pinnacle-demo-content\/?page_id=204"},"modified":"2017-01-30T20:16:57","modified_gmt":"2017-01-30T20:16:57","slug":"equipe","status":"publish","type":"page","link":"https:\/\/quirera.com\/pmcb\/equipe\/","title":{"rendered":"Equipe"},"content":{"rendered":"<div id=\"pl-204\"  class=\"panel-layout\" ><div id=\"pg-204-0\"  class=\"panel-grid panel-has-style\" ><div style=\"padding-top: 45px; \" class=\"panel-row-style panel-row-style-for-204-0\" ><div id=\"pgc-204-0-0\"  class=\"panel-grid-cell\" ><div id=\"panel-204-0-0-0\" class=\"so-panel widget widget_black-studio-tinymce widget_black_studio_tinymce panel-first-child panel-last-child\" data-index=\"0\" ><h3 class=\"widget-title\">Realiza\u00e7\u00e3o<\/h3><div class=\"textwidget\"><p style=\"text-align: center;\"><strong>\u00a0UNICOS PRODUTORA<\/strong><\/p>\n<p style=\"text-align: center;\"><div class=\"hrule_dots clearfix\" style=\" border-top-width:1px\"><\/div>\n<p style=\"text-align: center;\">\u00a0<strong>Natan Ourives e Patrick Andrews<\/strong><\/p>\n<p style=\"text-align: center;\">COMISS\u00c3O ORGANIZADORA<\/p>\n<p style=\"text-align: center;\"><div class=\"kad-spacer clearfix\" style=\"height:10px\"><\/div>\n<p style=\"text-align: center;\"><div class=\"hrule_dots clearfix\" style=\" border-top-width:1px\"><\/div>\n<p style=\"text-align: center;\"><strong>Paulo Costa Lima\u00a0<\/strong><br \/>Comiss\u00e3o Julgadora<\/p>\n<p style=\"text-align: center;\"><strong>Wellington Gomes<\/strong><br \/>Comiss\u00e3o Julgadora<\/p>\n<p style=\"text-align: center;\"><strong>Pedro Dias<\/strong><br \/>Comiss\u00e3o Julgadora<\/p>\n<p style=\"text-align: center;\"><strong>Pedro Kroger<\/strong><br \/>Comiss\u00e3o Julgadora<\/p>\n<p style=\"text-align: center;\"><strong>Alfredo Moura<\/strong><br \/>Comiss\u00e3o Julgadora<\/p>\n<p style=\"text-align: center;\"><strong>Paulo Rios<\/strong><br \/>Regente e Diretor Art\u00edstico do Camar\u00e1 Ensemble\/Comiss\u00e3o Julgadora<\/p>\n<p style=\"text-align: center;\"><strong>Ana Camila<br \/><\/strong>Assessoria de\u00a0Comunica\u00e7\u00e3o<\/p>\n<p style=\"text-align: center;\"><strong>T\u00falio Carapi\u00e1<\/strong><br \/>Artista Gr\u00e1fico<\/p>\n<p style=\"text-align: center;\"><strong>Filipe Lima<\/strong><br \/>Site<\/p>\n<p style=\"text-align: center;\"><strong>Filipe Lima<\/strong><br \/>T\u00e9cnico de V\u00eddeo<\/p>\n<p style=\"text-align: center;\"><strong>Adalton Carvalho<\/strong><br \/>Assistente de Produ\u00e7\u00e3o<\/p>\n<p style=\"text-align: center;\"><strong>Tainana Andrade<\/strong><br \/>Assistente de Produ\u00e7\u00e3o<\/p>\n<p style=\"text-align: center;\">\u00a0<\/p>\n<\/div><\/div><\/div><\/div><\/div><div id=\"pg-204-1\"  class=\"panel-grid panel-no-style\" ><div id=\"pgc-204-1-0\"  class=\"panel-grid-cell\" ><div id=\"panel-204-1-0-0\" class=\"so-panel widget widget_black-studio-tinymce widget_black_studio_tinymce panel-first-child panel-last-child\" data-index=\"1\" ><h3 class=\"widget-title\">Equipe<\/h3><div class=\"textwidget\"><\/div><\/div><\/div><\/div><\/div>","protected":false},"excerpt":{"rendered":"<p>\u00a0UNICOS PRODUTORA\u00a0Natan Ourives e Patrick AndrewsCOMISS\u00c3O ORGANIZADORAPaulo Costa Lima\u00a0Comiss\u00e3o JulgadoraWellington GomesComiss\u00e3o JulgadoraPedro DiasComiss\u00e3o JulgadoraPedro KrogerComiss\u00e3o JulgadoraAlfredo MouraComiss\u00e3o JulgadoraPaulo RiosRegente e &hellip; <a href=\"https:\/\/quirera.com\/pmcb\/equipe\/\">Continue lendo<\/a><\/p>\n","protected":false},"author":1,"featured_media":0,"parent":0,"menu_order":0,"comment_status":"open","ping_status":"open","template":"template-staff-grid.php","meta":[],"_links":{"self":[{"href":"https:\/\/quirera.com\/pmcb\/wp-json\/wp\/v2\/pages\/204"}],"collection":[{"href":"https:\/\/quirera.com\/pmcb\/wp-json\/wp\/v2\/pages"}],"about":[{"href":"https:\/\/quirera.com\/pmcb\/wp-json\/wp\/v2\/types\/page"}],"author":[{"embeddable":true,"href":"https:\/\/quirera.com\/pmcb\/wp-json\/wp\/v2\/users\/1"}],"replies":[{"embeddable":true,"href":"https:\/\/quirera.com\/pmcb\/wp-json\/wp\/v2\/comments?post=204"}],"version-history":[{"count":45,"href":"https:\/\/quirera.com\/pmcb\/wp-json\/wp\/v2\/pages\/204\/revisions"}],"predecessor-version":[{"id":1707,"href":"https:\/\/quirera.com\/pmcb\/wp-json\/wp\/v2\/pages\/204\/revisions\/1707"}],"wp:attachment":[{"href":"https:\/\/quirera.com\/pmcb\/wp-json\/wp\/v2\/media?parent=204"}],"curies":[{"name":"wp","href":"https:\/\/api.w.org\/{rel}","templated":true}]}}