{"id":1109,"date":"2015-03-19T04:00:49","date_gmt":"2015-03-19T04:00:49","guid":{"rendered":"https:\/\/quirera.com\/pmcb\/?page_id=1109"},"modified":"2015-10-23T21:46:14","modified_gmt":"2015-10-23T21:46:14","slug":"audio","status":"publish","type":"page","link":"https:\/\/quirera.com\/pmcb\/audio\/","title":{"rendered":"\u00c1udio"},"content":{"rendered":"<div id=\"pl-1109\"  class=\"panel-layout\" ><div id=\"pg-1109-0\"  class=\"panel-grid panel-no-style\" ><div id=\"pgc-1109-0-0\"  class=\"panel-grid-cell\" ><div id=\"panel-1109-0-0-0\" class=\"so-panel widget widget_black-studio-tinymce widget_black_studio_tinymce panel-first-child panel-last-child\" data-index=\"0\" ><div class=\"textwidget\"><h2><div class=\"kad-spacer clearfix\" style=\"height:10px\"><\/div><\/h2>\n<h2>\u00c1udio do\u00a0Concerto<\/h2>\n<p>As m\u00fasicas foram gravadas ao vivo no concerto de premia\u00e7\u00e3o no Sal\u00e3o Nobre da Reitoria da UFBA, no dia 20 de outubro de 2015.<\/p>\n<p><em>Grava\u00e7\u00e3o e mixagem por Alexandre Espinheira.<\/em><\/p>\n<div class=\"kad-spacer clearfix\" style=\"height:20px\"><\/div><div class=\"hrule clearfix\" style=\" height:1px\"><\/div>\n<\/div><\/div><\/div><\/div><div id=\"pg-1109-1\"  class=\"panel-grid panel-no-style\" ><div id=\"pgc-1109-1-0\"  class=\"panel-grid-cell\" ><div id=\"panel-1109-1-0-0\" class=\"so-panel widget widget_black-studio-tinymce widget_black_studio_tinymce panel-first-child\" data-index=\"1\" ><div class=\"textwidget\"><p><strong>T\u00edtulo:<\/strong> Cabelo (Fricotando)<\/p>\n<p><strong>Compositor:<\/strong> Guilherme Bertissolo<\/p>\n<p><strong>Coloca\u00e7\u00e3o:<\/strong>\u00a01\u00ba Pr\u00eamio<\/p>\n<!--[if lt IE 9]><script>document.createElement('audio');<\/script><![endif]-->\n<audio class=\"wp-audio-shortcode\" id=\"audio-1109-1\" preload=\"none\" style=\"width: 100%;\" controls=\"controls\"><source type=\"audio\/mpeg\" src=\"https:\/\/quirera.com\/pmcb\/wp-content\/uploads\/2015\/03\/pmcb-guilherme_session.mp3?_=1\" \/><a href=\"https:\/\/quirera.com\/pmcb\/wp-content\/uploads\/2015\/03\/pmcb-guilherme_session.mp3\">https:\/\/quirera.com\/pmcb\/wp-content\/uploads\/2015\/03\/pmcb-guilherme_session.mp3<\/a><\/audio>\n<p>\u00a0<\/p>\n<a href=\"https:\/\/quirera.com\/pmcb\/wp-content\/uploads\/2015\/03\/pmcb-guilherme_session.mp3\" id=\"kadbtn15\" target=\"_blank\" class=\"kad-btn btn-shortcode kad-btn-primary  \" style=\"background-color:#dd3333; border: 0 solid; border-color:#dd3333; color:#ffffff\">Download <\/a><style type=\"text\/css\" media=\"screen\">#kadbtn15:hover {color:#ffffff !important;} <\/style>\n<div class=\"hrule clearfix\" style=\" height:1px\"><\/div>\n<\/div><\/div><div id=\"panel-1109-1-0-1\" class=\"so-panel widget widget_black-studio-tinymce widget_black_studio_tinymce\" data-index=\"2\" ><div class=\"textwidget\"><p><strong>T\u00edtulo:<\/strong>\u00a0Pra que!<\/p>\n<p><strong>Compositor:<\/strong>\u00a0H\u00e9ctor Garc\u00e9s Puelma<\/p>\n<p><strong>Coloca\u00e7\u00e3o:<\/strong>\u00a03\u00ba Pr\u00eamio<\/p>\n<audio class=\"wp-audio-shortcode\" id=\"audio-1109-2\" preload=\"none\" style=\"width: 100%;\" controls=\"controls\"><source type=\"audio\/mpeg\" src=\"https:\/\/quirera.com\/pmcb\/wp-content\/uploads\/2015\/03\/pmcb-hector_session.mp3?_=2\" \/><a href=\"https:\/\/quirera.com\/pmcb\/wp-content\/uploads\/2015\/03\/pmcb-hector_session.mp3\">https:\/\/quirera.com\/pmcb\/wp-content\/uploads\/2015\/03\/pmcb-hector_session.mp3<\/a><\/audio>\n<p>\u00a0<\/p>\n<a href=\"https:\/\/quirera.com\/pmcb\/wp-content\/uploads\/2015\/03\/pmcb-hector_session.mp3\" id=\"kadbtn72\" target=\"_blank\" class=\"kad-btn btn-shortcode kad-btn-primary  \" style=\"background-color:#dd3333; border: 0 solid; border-color:#dd3333; color:#ffffff\">Download <\/a><style type=\"text\/css\" media=\"screen\">#kadbtn72:hover {color:#ffffff !important;} <\/style>\n<div class=\"hrule clearfix\" style=\" height:1px\"><\/div>\n<\/div><\/div><div id=\"panel-1109-1-0-2\" class=\"so-panel widget widget_black-studio-tinymce widget_black_studio_tinymce panel-last-child\" data-index=\"3\" ><div class=\"textwidget\"><p><strong>T\u00edtulo:<\/strong>\u00a0Suinguito No.1<\/p>\n<p><strong>Compositor:<\/strong>\u00a0Andr\u00e9 Fidelis<\/p>\n<p><strong>Coloca\u00e7\u00e3o:<\/strong> Pr\u00eamio Camar\u00e1<\/p>\n<audio class=\"wp-audio-shortcode\" id=\"audio-1109-3\" preload=\"none\" style=\"width: 100%;\" controls=\"controls\"><source type=\"audio\/mpeg\" src=\"https:\/\/quirera.com\/pmcb\/wp-content\/uploads\/2015\/03\/pmcb-fidelis_session.mp3?_=3\" \/><a href=\"https:\/\/quirera.com\/pmcb\/wp-content\/uploads\/2015\/03\/pmcb-fidelis_session.mp3\">https:\/\/quirera.com\/pmcb\/wp-content\/uploads\/2015\/03\/pmcb-fidelis_session.mp3<\/a><\/audio>\n<p>\u00a0<\/p>\n<a href=\"https:\/\/quirera.com\/pmcb\/wp-content\/uploads\/2015\/03\/pmcb-fidelis_session.mp3\" id=\"kadbtn27\" target=\"_blank\" class=\"kad-btn btn-shortcode kad-btn-primary  \" style=\"background-color:#dd3333; border: 0 solid; border-color:#dd3333; color:#ffffff\">Download <\/a><style type=\"text\/css\" media=\"screen\">#kadbtn27:hover {color:#ffffff !important;} <\/style>\n<\/div><\/div><\/div><div id=\"pgc-1109-1-1\"  class=\"panel-grid-cell\" ><div id=\"panel-1109-1-1-0\" class=\"so-panel widget widget_black-studio-tinymce widget_black_studio_tinymce panel-first-child\" data-index=\"4\" ><div class=\"textwidget\"><p><strong>T\u00edtulo:<\/strong>\u00a0Oy\u00e1, Laudamus: O Tempo, A Emers\u00e3o<\/p>\n<p><strong>Compositor:<\/strong>\u00a0Caio de Azevedo<\/p>\n<p><strong>Coloca\u00e7\u00e3o:<\/strong>\u00a02\u00ba Pr\u00eamio<\/p>\n<audio class=\"wp-audio-shortcode\" id=\"audio-1109-4\" preload=\"none\" style=\"width: 100%;\" controls=\"controls\"><source type=\"audio\/mpeg\" src=\"https:\/\/quirera.com\/pmcb\/wp-content\/uploads\/2015\/03\/pmcb-caio_session.mp3?_=4\" \/><a href=\"https:\/\/quirera.com\/pmcb\/wp-content\/uploads\/2015\/03\/pmcb-caio_session.mp3\">https:\/\/quirera.com\/pmcb\/wp-content\/uploads\/2015\/03\/pmcb-caio_session.mp3<\/a><\/audio>\n<p>\u00a0<\/p>\n<a href=\"https:\/\/quirera.com\/pmcb\/wp-content\/uploads\/2015\/03\/pmcb-caio_session.mp3\" id=\"kadbtn31\" target=\"_blank\" class=\"kad-btn btn-shortcode kad-btn-primary  \" style=\"background-color:#dd3333; border: 0 solid; border-color:#dd3333; color:#ffffff\">Download <\/a><style type=\"text\/css\" media=\"screen\">#kadbtn31:hover {color:#ffffff !important;} <\/style>\n<div class=\"hrule clearfix\" style=\" height:1px\"><\/div>\n<\/div><\/div><div id=\"panel-1109-1-1-1\" class=\"so-panel widget widget_black-studio-tinymce widget_black_studio_tinymce panel-last-child\" data-index=\"5\" ><div class=\"textwidget\"><p><strong>T\u00edtulo:<\/strong>\u00a0Dan\u00e7as do Esquisito<\/p>\n<p><strong>Compositor:<\/strong>\u00a0Emilio Le Roux<\/p>\n<p><strong>Coloca\u00e7\u00e3o:<\/strong>\u00a0Men\u00e7\u00e3o Honrosa<\/p>\n<audio class=\"wp-audio-shortcode\" id=\"audio-1109-5\" preload=\"none\" style=\"width: 100%;\" controls=\"controls\"><source type=\"audio\/mpeg\" src=\"https:\/\/quirera.com\/pmcb\/wp-content\/uploads\/2015\/03\/pmcb-emilio_session.mp3?_=5\" \/><a href=\"https:\/\/quirera.com\/pmcb\/wp-content\/uploads\/2015\/03\/pmcb-emilio_session.mp3\">https:\/\/quirera.com\/pmcb\/wp-content\/uploads\/2015\/03\/pmcb-emilio_session.mp3<\/a><\/audio>\n<p>\u00a0<\/p>\n<a href=\"https:\/\/quirera.com\/pmcb\/wp-content\/uploads\/2015\/03\/pmcb-emilio_session.mp3\" id=\"kadbtn18\" target=\"_blank\" class=\"kad-btn btn-shortcode kad-btn-primary  \" style=\"background-color:#dd3333; border: 0 solid; border-color:#dd3333; color:#ffffff\">Download <\/a><style type=\"text\/css\" media=\"screen\">#kadbtn18:hover {color:#ffffff !important;} <\/style>\n<div class=\"hrule clearfix\" style=\" height:1px\"><\/div>\n<\/div><\/div><\/div><\/div><\/div>","protected":false},"excerpt":{"rendered":"<p>\u00c1udio do\u00a0ConcertoAs m\u00fasicas foram gravadas ao vivo no concerto de premia\u00e7\u00e3o no Sal\u00e3o Nobre da Reitoria da UFBA, no dia &hellip; <a href=\"https:\/\/quirera.com\/pmcb\/audio\/\">Continue lendo<\/a><\/p>\n","protected":false},"author":1,"featured_media":0,"parent":0,"menu_order":0,"comment_status":"open","ping_status":"open","template":"","meta":[],"_links":{"self":[{"href":"https:\/\/quirera.com\/pmcb\/wp-json\/wp\/v2\/pages\/1109"}],"collection":[{"href":"https:\/\/quirera.com\/pmcb\/wp-json\/wp\/v2\/pages"}],"about":[{"href":"https:\/\/quirera.com\/pmcb\/wp-json\/wp\/v2\/types\/page"}],"author":[{"embeddable":true,"href":"https:\/\/quirera.com\/pmcb\/wp-json\/wp\/v2\/users\/1"}],"replies":[{"embeddable":true,"href":"https:\/\/quirera.com\/pmcb\/wp-json\/wp\/v2\/comments?post=1109"}],"version-history":[{"count":16,"href":"https:\/\/quirera.com\/pmcb\/wp-json\/wp\/v2\/pages\/1109\/revisions"}],"predecessor-version":[{"id":1574,"href":"https:\/\/quirera.com\/pmcb\/wp-json\/wp\/v2\/pages\/1109\/revisions\/1574"}],"wp:attachment":[{"href":"https:\/\/quirera.com\/pmcb\/wp-json\/wp\/v2\/media?parent=1109"}],"curies":[{"name":"wp","href":"https:\/\/api.w.org\/{rel}","templated":true}]}}