{"id":1041,"date":"2015-03-18T15:52:00","date_gmt":"2015-03-18T15:52:00","guid":{"rendered":"https:\/\/quirera.com\/pmcb\/?page_id=1041"},"modified":"2015-08-12T23:35:24","modified_gmt":"2015-08-12T23:35:24","slug":"regulamento","status":"publish","type":"page","link":"https:\/\/quirera.com\/pmcb\/regulamento\/","title":{"rendered":"Regulamento"},"content":{"rendered":"<div id=\"pl-1041\"  class=\"panel-layout\" ><div id=\"pg-1041-0\"  class=\"panel-grid panel-has-style\" ><div style=\"padding-top: 40px; \" class=\"panel-row-style panel-row-style-for-1041-0\" ><div id=\"pgc-1041-0-0\"  class=\"panel-grid-cell\" ><div id=\"panel-1041-0-0-0\" class=\"so-panel widget widget_black-studio-tinymce widget_black_studio_tinymce panel-first-child panel-last-child\" data-index=\"0\" ><h3 class=\"widget-title\">Regulamento<\/h3><div class=\"textwidget\"><div class=\"kad-spacer clearfix\" style=\"height:10px\"><\/div>\n<p>I PR\u00caMIO DE M\u00daSICA CONTEMPOR\u00c2NEA DA BAHIA<\/p>\n<p>\u00a0<\/p>\n<p><strong>1. Objetivo<\/strong><\/p>\n<p>Atrav\u00e9s de um concurso de composi\u00e7\u00e3o musical no qual um total de 9 compositores ser\u00e3o contemplados, segundo ordem de classifica\u00e7\u00e3o atribu\u00edda por um j\u00fari especializado e pelo voto popular, com pr\u00eamios em dinheiro, leitura, estreia, encomenda, grava\u00e7\u00e3o e distribui\u00e7\u00e3o digital gratuita de obras musicais,o<em>\u00a0I Pr\u00eamio de M\u00fasica Contempor\u00e2nea da Bahia<\/em>visa o est\u00edmulo de compositores baianos ou radicados no estado, a divulga\u00e7\u00e3o de seus trabalhos e a forma\u00e7\u00e3o de p\u00fablico para concertos, fomentando assim o cen\u00e1rio da m\u00fasica erudita que \u00e9 produzida na Bahia.<\/p>\n<p>Com a tem\u00e1tica\u00a0<em>Erudito com Ax\u00e9<\/em>, nesta primeira edi\u00e7\u00e3o do PMCB prestamos uma justa homenagem ao\u00a0<em>Ax\u00e9 Music<\/em>,<em>\u00a0<\/em>que comemora seus 30 anos em 2015. Atrav\u00e9s desta proposta visamos \u00e0 valoriza\u00e7\u00e3o da constru\u00e7\u00e3o de di\u00e1logos entre estes dois universos: o Ax\u00e9, g\u00eanero musical popular originalmente baiano, e a m\u00fasica contempor\u00e2nea de concerto que tamb\u00e9m aqui \u00e9 produzida.<\/p>\n<p><strong>2. Concorrentes<\/strong><\/p>\n<p style=\"padding-left: 30px;\"><strong>2.1<\/strong>\u00a0Poder\u00e3o participar do concurso compositores com idade igual ou superior a 18 anos completos.<\/p>\n<p style=\"padding-left: 30px;\"><strong>2.2\u00a0<\/strong>O proponente dever\u00e1 ter naturalidade baiana ou domic\u00edlio fixo no estado h\u00e1 mais de 1 ano completo at\u00e9 a data da inscri\u00e7\u00e3o. \u00a0<\/p>\n<p style=\"padding-left: 30px;\"><strong>2.3\u00a0<\/strong>Cada proponente poder\u00e1 participar com at\u00e9 2 obras, por\u00e9m somente uma delas poder\u00e1 ser selecionada.<\/p>\n<p style=\"padding-left: 30px;\"><strong>2.4<\/strong>\u00a0Ao participarem do concurso, os proponentes declaram aceitar todas as regras do presente regulamento.<\/p>\n<p style=\"padding-left: 30px;\"><strong>2.5<\/strong>\u00a0N\u00e3o poder\u00e3o participar do presente concurso como proponentes: membros da comiss\u00e3o organizadora, de habilita\u00e7\u00e3o, do j\u00fari, do conjunto que executar\u00e1 as obras selecionadas ou qualquer outro profissional nele envolvido. \u00a0<\/p>\n<p><strong>3. Obras<\/strong><\/p>\n<p style=\"padding-left: 30px;\"><strong>3.1<\/strong>\u00a0As obras dever\u00e3o ser inscritas para 7 int\u00e9rpretes: 1 Flauta, 1 Clarinete, 1 Voz (soprano), 1 Percussionista, 1 Bandolim, 1 Viol\u00e3o, 1 Violoncelo.<\/p>\n<p style=\"padding-left: 30px;\"><strong>3.2\u00a0<\/strong>N\u00e3o poder\u00e3o ser utilizados subgrupos nem forma\u00e7\u00e3o diferente da acima apresentada.<\/p>\n<p style=\"padding-left: 30px;\"><strong>3.3<\/strong>\u00a0Poder\u00e3o ser utilizados os seguintes instrumentos de percuss\u00e3o: ganzares e chocalhos diversos, pratos suspensos, tri\u00e2ngulo, pandeiro, caixa-clara, 2 breakdrums, 2 bong\u00f4s, 2 congas, 3 tom-tons, alfaia, berimbau, bateria, repique, bacurinha, tamborim e surdo. Para o uso de outros instrumentos se faz necess\u00e1ria consulta pr\u00e9via \u00e0 comiss\u00e3o organizadora. O uso de instrumentos n\u00e3o contidos na lista ou n\u00e3o autorizados resultar\u00e1 em inabilita\u00e7\u00e3o do proponente.<\/p>\n<p style=\"padding-left: 30px;\"><strong>3.4\u00a0<\/strong>N\u00e3o poder\u00e1 haver a utiliza\u00e7\u00e3o de meios eletroac\u00fasticos.<\/p>\n<p style=\"padding-left: 30px;\"><strong>3.5<\/strong>\u00a0A dura\u00e7\u00e3o das obras dever\u00e1 ser de 4 a 7 minutos.<\/p>\n<p style=\"padding-left: 30px;\"><strong>3.6<\/strong>\u00a0As obras dever\u00e3o ser in\u00e9ditas e de autoria do proponente, n\u00e3o podendo ter sido apresentadas em concerto, publicadas ou gravadas total ou parcialmente at\u00e9 a data de finaliza\u00e7\u00e3o do concurso.<\/p>\n<p style=\"padding-left: 30px;\"><strong>3.7\u00a0<\/strong>Quanto \u00e0 complexidade de escrita das obras, dever\u00e1 se levar em conta que haver\u00e1 somente 5 ensaios antes de sua execu\u00e7\u00e3o.<\/p>\n<p><strong>4. Inscri\u00e7\u00e3o<\/strong><\/p>\n<p style=\"padding-left: 30px;\"><strong>4.1\u00a0<\/strong>As inscri\u00e7\u00f5es gratuitas ser\u00e3o realizadas no per\u00edodo de\u00a0<strong>30\/03\/2015\u00a0<\/strong>a\u00a0<strong>30\/06\/2015<\/strong>\u00a0(contada a data de postagem) somente por meio postal via SEDEX, com Aviso de Recebimento (A.R.), e em nenhuma hip\u00f3tese ser\u00e1 aceita inscri\u00e7\u00e3o fora do per\u00edodo estipulado.<\/p>\n<p style=\"padding-left: 30px;\"><strong>4.2\u00a0<\/strong>Dever\u00e3o ser enviados dois envelopes:<\/p>\n<p style=\"padding-left: 60px;\"><strong>4.2.1\u00a0<\/strong>Um primeiro envelope fechado, com PSEUD\u00d4NIMO do candidato e indica\u00e7\u00e3o \u201cPARTITURAS\u201d, que dever\u00e1 conter:<\/p>\n<p style=\"padding-left: 90px;\"><strong>a)\u00a0<\/strong>Tr\u00eas exemplares da partitura da obra constando somente o pseud\u00f4nimo do proponente (sem t\u00edtulo da obra) devidamente encadernadas, em tamanho leg\u00edvel e editadas em software.<\/p>\n<p style=\"padding-left: 90px;\"><strong>b)\u00a0<\/strong>Um breve coment\u00e1rio sobre a obra contendo no m\u00e1ximo 2 p\u00e1ginas (incluindo imagens) com foco na rela\u00e7\u00e3o entre o processo de constru\u00e7\u00e3o e a tem\u00e1tica proposta na presente edi\u00e7\u00e3o:\u00a0<em>Erudito com Ax\u00e9<\/em>. Este dever\u00e1 ser encadernado junto com a partitura.<\/p>\n<p style=\"padding-left: 90px;\"><strong>c)\u00a0<\/strong><em>OPCIONAL:\u00a0<\/em>Bula de nota\u00e7\u00e3o<em>,\u00a0<\/em>mapada percuss\u00e3o a ser utilizada, espacializa\u00e7\u00e3o dos instrumentistas, dentre outras informa\u00e7\u00f5es adicionais que auxiliem na melhor compreens\u00e3o e execu\u00e7\u00e3o da obra. Estes dever\u00e3o tamb\u00e9m ser encadernados juntos com a partitura.<\/p>\n<p style=\"padding-left: 90px;\"><strong>d)\u00a0<\/strong><em>OPCIONAL<\/em>: CD ou DVD com PSEUD\u00d4NIMO contendo a partitura da obra em PDF (sem t\u00edtulo), \u00e1udio ou arquivo execut\u00e1vel em softwares (MIDI, WAVE e MP3). Todos os arquivos dever\u00e3o conter o PSEUD\u00d4NIMO seguido do tipo do arquivo a ser enviado, exemplo: PSEUD\u00d4NIMO - PARTITURA.PDF \u00a0e PSEUD\u00d4NIMO - \u00c1UDIO.MP3. \u00a0<\/p>\n<p style=\"padding-left: 90px;\"><strong>e)\u00a0<\/strong>Nos materiais contidos nos itens\u00a0<strong><em>a<\/em>,\u00a0<em>b<\/em>,\u00a0<em>c\u00a0<\/em><\/strong>e\u00a0<strong><em>d\u00a0<\/em><\/strong>n\u00e3o poder\u00e1 haver elementos que identifiquem o proponente, sob pena de inabilita\u00e7\u00e3o.<\/p>\n<p style=\"padding-left: 60px;\"><strong>4.2.2<\/strong>\u00a0Um segundo envelope fechado, com PSEUD\u00d4NIMO do candidato e indica\u00e7\u00e3o \u201cDOCUMENTA\u00c7\u00c3O\u201d, que dever\u00e1 conter os seguintes itens:<\/p>\n<p style=\"padding-left: 90px;\"><strong>a)\u00a0<\/strong>Ficha de inscri\u00e7\u00e3o devidamente preenchida (anexo I).<\/p>\n<p style=\"padding-left: 90px;\"><strong>b)<\/strong>Breve curr\u00edculo (m\u00e1ximo 1 p\u00e1gina).<\/p>\n<p style=\"padding-left: 90px;\"><strong>c)\u00a0<\/strong>Declara\u00e7\u00e3o de autoria e ineditismo da obra, bem como declara\u00e7\u00e3o referente \u00e0 libera\u00e7\u00e3o dos direitos autorais de execu\u00e7\u00e3o e grava\u00e7\u00e3o audiovisual no dia do concerto de estreia e premia\u00e7\u00e3o, al\u00e9m da distribui\u00e7\u00e3o digital da obra de forma gratuita no site do PMCB\u00a0e com a possibilidade de difus\u00e3o na R\u00e1dio Vida FM 106.1 (anexo II).<\/p>\n<p style=\"padding-left: 90px;\"><strong>d)\u00a0<\/strong>C\u00f3pia impressa do documento de identidade e, no caso de candidatos de outros estados ou pa\u00edses, comprovantes de resid\u00eancia que demonstrem domic\u00edlio no estado no \u00faltimo ano.<\/p>\n<p style=\"padding-left: 90px;\"><strong>e)\u00a0<\/strong>Em caso de uso de texto que n\u00e3o seja do pr\u00f3prio compositor ou que n\u00e3o seja de dom\u00ednio p\u00fablico, declara\u00e7\u00e3o do autor devidamente assinada autorizando a utiliza\u00e7\u00e3o, grava\u00e7\u00e3o e difus\u00e3o, bem como a libera\u00e7\u00e3o dos direitos autorais. \u00a0<\/p>\n<p style=\"padding-left: 30px;\"><strong>4.3<\/strong>\u00a0O proponente que enviar duas obras dever\u00e1 utilizar envelopes distintos que dever\u00e3o conter, para cada obra, os elementos solicitados nos itens 4.1 e 4.2.<\/p>\n<p style=\"padding-left: 30px;\"><strong>4.4\u00a0<\/strong>O envelope lacrado contendo os dois envelopes referentes ao item 4.2 dever\u00e1 ter as seguintes informa\u00e7\u00f5es:<\/p>\n<p>\u00a0<\/p>\n<p style=\"text-align: center;\"><strong>ESCOLA DE M\u00daSICA DA UNIVERSIDADE FEDERAL DA BAHIA<\/strong><\/p>\n<p style=\"text-align: center;\"><strong>I PR\u00caMIO DE M\u00daSICA CONTEMPOR\u00c2NEA DA BAHIA<\/strong><\/p>\n<p style=\"text-align: center;\">\u00a0Proponente: (nome do proponente) \u00a0<\/p>\n<p style=\"text-align: center;\">Rua Ara\u00fajo Pinho, 58<\/p>\n<p style=\"text-align: center;\">Canela<\/p>\n<p style=\"text-align: center;\">CEP: 40.110-040<\/p>\n<p style=\"text-align: center;\">Salvador - Ba<\/p>\n<p>\u00a0<\/p>\n<p style=\"padding-left: 30px;\"><strong>4.5.<\/strong>\u00a0O Aviso de recebimento (A.R.) emitido pelos Correios ser\u00e1 considerado como comprovante de inscri\u00e7\u00e3o.<\/p>\n<p style=\"padding-left: 30px;\"><strong>4.6\u00a0<\/strong>A comiss\u00e3o organizadora do concurso n\u00e3o se responsabilizar\u00e1 por eventuais extravios do material enviado ou entregas em endere\u00e7os diferentes do contido no presente regulamento. Os materiais de propostas n\u00e3o selecionadas ser\u00e3o encaminhados para reciclagem.<\/p>\n<p><strong>5. Habilita\u00e7\u00e3o, classifica\u00e7\u00e3o, estreia das obras e premia\u00e7\u00e3o dos compositores:<\/strong><\/p>\n<p>Ap\u00f3s o encerramento do per\u00edodo de inscri\u00e7\u00f5es, o processo de sele\u00e7\u00e3o das obras e premia\u00e7\u00e3o dos compositores se dar\u00e1 em tr\u00eas fases: a fase de habilita\u00e7\u00e3o, a fase de classifica\u00e7\u00e3o e a fase final.<\/p>\n<p style=\"padding-left: 30px;\"><strong>5.1 Fase de habilita\u00e7\u00e3o<\/strong><\/p>\n<p style=\"padding-left: 30px;\">Durante a fase de habilita\u00e7\u00e3o, uma comiss\u00e3o atestar\u00e1 a validade do material enviado em conformidade com os itens 2, 3 e 4 do presente regulamento. O n\u00e3o atendimento ou atendimento parcial a tais exig\u00eancias causar\u00e1 a inabilita\u00e7\u00e3o do proponente. O resultado do processo de habilita\u00e7\u00e3o ser\u00e1 divulgado atrav\u00e9s do site do concurso (<a href=\"https:\/\/quirera.com\/pmcb\/\"><em>www.pmcb.com.br<\/em><\/a>) em data ainda a ser divulgada, constando somente os pseud\u00f4nimos dos proponentes. \u00a0<\/p>\n<p style=\"padding-left: 30px;\"><strong>5.2 Fase de classifica\u00e7\u00e3o<\/strong><\/p>\n<p style=\"padding-left: 30px;\">Ap\u00f3s a fase de habilita\u00e7\u00e3o, uma comiss\u00e3o julgadora formada por compositores baianos renomados no cen\u00e1rio erudito nacional e internacional\u00a0selecionar\u00e1, dentre as obras habilitadas, as\u00a04<strong><em>\u00a0<\/em><\/strong>obras que ser\u00e3o finalistas do concurso, bem como as outras <b><i>5<\/i><\/b>\u00a0obras a serem lidas em ensaio aberto, segundo ordem classificat\u00f3ria estabelecida pela pontua\u00e7\u00e3o dada pela comiss\u00e3o.<\/p>\n<p style=\"padding-left: 60px;\"><strong>5.2.1<\/strong>\u00a0Os crit\u00e9rios para sele\u00e7\u00e3o das obras propostas ser\u00e3o:<\/p>\n<p style=\"padding-left: 90px;\"><strong>a)\u00a0<\/strong>Rela\u00e7\u00e3o com o tema proposto (Peso 10);<\/p>\n<p style=\"padding-left: 90px;\"><strong>b)<\/strong>Outros (Peso 10):<\/p>\n<p style=\"padding-left: 120px;\"><strong>b.1)<\/strong>\u00a0Originalidade (peso 2);<\/p>\n<p style=\"padding-left: 120px;\"><strong>b.2)<\/strong>\u00a0Grau de criatividade (peso 2);<\/p>\n<p style=\"padding-left: 120px;\"><strong>b.3)<\/strong>\u00a0Maturidade t\u00e9cnica (peso 2);<\/p>\n<p style=\"padding-left: 120px;\"><strong>b.4)\u00a0<\/strong>Clareza de escrita (peso 2);<\/p>\n<p style=\"padding-left: 120px;\"><strong>b.5)<\/strong>\u00a0Viabilidade de execu\u00e7\u00e3o em 5 ensaios (peso 2);<\/p>\n<p style=\"padding-left: 60px;\"><strong>5.2.2\u00a0<\/strong>A nota final dada pelo j\u00fari \u00e0 obra na etapa de classifica\u00e7\u00e3o ser\u00e1 a m\u00e9dia aritm\u00e9tica dos pontos obtidos nos subitens\u00a0<strong><em>a<\/em><\/strong>\u00a0e\u00a0<strong><em>b<\/em><\/strong>\u00a0do item\u00a0<strong>5.2.1<\/strong>\u00a0(anterior).<\/p>\n<p style=\"padding-left: 60px;\"><strong>5.2.3<\/strong>\u00a0A decis\u00e3o dos jurados \u00e9 un\u00e2nime.<\/p>\n<p style=\"padding-left: 60px;\"><strong>5.2.4<\/strong>\u00a0O resultado do processo de sele\u00e7\u00e3o ser\u00e1 divulgado no site do concurso, constando o nome dos compositores, e os t\u00edtulos das 4 obras finalistas do concurso e das 5 outras obras selecionadas para leitura em duas listas distintas sem ordem de classifica\u00e7\u00e3o.<\/p>\n<p style=\"padding-left: 60px;\"><strong>5.2.5<\/strong>\u00a0Os compositores selecionados dever\u00e3o enviar, em data a ser disponibilizada no site,\u00a0as partes cavadas das obras, impressas de maneira leg\u00edvel, devidamente coladas e com viradas de p\u00e1gina dispostas de maneira a viabilizar prontamente os ensaios. O compositor que n\u00e3o atender a esta exig\u00eancia dentro do prazo estar\u00e1 automaticamente desclassificado, sendo chamado outro compositor seguindo a ordem classificat\u00f3ria estabelecida pelos jurados. \u00a0<\/p>\n<p style=\"padding-left: 30px;\"><strong>5.3 Fase Final<\/strong><\/p>\n<p style=\"padding-left: 30px;\">A terceira fase ser\u00e1 a fase final nas quais\u00a0<strong>4\u00a0<\/strong>obras finalistas ser\u00e3o estreadas no concerto de premia\u00e7\u00e3o.<\/p>\n<p style=\"padding-left: 60px;\"><strong>5.3.1<\/strong>\u00a0Nesta etapa, o crit\u00e9rio para a avalia\u00e7\u00e3o das obras ser\u00e1 o resultado sonoro (Peso 10) e a pontua\u00e7\u00e3o ser\u00e1 dada por um novo j\u00fari. \u00a0\u00a0<\/p>\n<p style=\"padding-left: 60px;\"><strong>5.2.2<\/strong>\u00a0A decis\u00e3o dos jurados \u00e9 un\u00e2nime.<\/p>\n<p style=\"padding-left: 60px;\"><strong>5.3.3<\/strong>\u00a0Para a obten\u00e7\u00e3o da classifica\u00e7\u00e3o final, a pontua\u00e7\u00e3o obtida pelos compositores ap\u00f3s o concerto dever\u00e1 ser somada \u00e0s pontua\u00e7\u00f5es obtidas na fase anterior de classifica\u00e7\u00e3o. O resultado final ser\u00e1 a m\u00e9dia aritm\u00e9tica das pontua\u00e7\u00f5es obtidas nestas duas etapas.<\/p>\n<p style=\"padding-left: 60px;\"><strong>5.3.4<\/strong>\u00a0Os encargos relacionados \u00e0 hospedagem e transporte dos compositores selecionados ao concerto de premia\u00e7\u00e3o \u00e9 de responsabilidade dos mesmos.<\/p>\n<p style=\"padding-left: 60px;\"><strong>5.3.5 \u00a0<\/strong>As pontua\u00e7\u00f5es de todas as obras habilitadas estar\u00e3o dispon\u00edveis no site do concurso ap\u00f3s a fase final.<\/p>\n<p style=\"padding-left: 60px;\"><strong>5.3.6<\/strong>\u00a0Ap\u00f3s a decis\u00e3o final, os compositores premiados ser\u00e3o contatados via e-mail pela comiss\u00e3o organizadora e receber\u00e3o as diretrizes para envio dos documentos complementares necess\u00e1rios para dep\u00f3sito dos respectivos pr\u00eamios:<\/p>\n<p style=\"padding-left: 90px;\"><strong>a)\u00a0<\/strong>C\u00f3pia leg\u00edvel do RG e CPF;<\/p>\n<p style=\"padding-left: 90px;\"><strong>b)\u00a0<\/strong>Dados banc\u00e1rios: nome e n\u00famero de banco, ag\u00eancia e n\u00famero da conta;<\/p>\n<p style=\"padding-left: 30px;\"><strong>5.4 Premia\u00e7\u00e3o<\/strong><\/p>\n<p style=\"padding-left: 60px;\"><strong>5.4.1\u00a0<\/strong>PR\u00caMIO DO J\u00daRI: Os 3 compositores que obtiverem as maiores pontua\u00e7\u00f5es finais dadas pelos jurados receber\u00e3o os respectivos valores em dinheiro por ordem de classifica\u00e7\u00e3o: 1\u00ba lugar: R$ 5.000,00; 2\u00ba lugar: R$ 3.000,00; 3\u00ba lugar: R$ 1.500,00.<\/p>\n<p style=\"padding-left: 60px;\"><strong>5.4.2\u00a0<\/strong>Nestes valores n\u00e3o est\u00e3o inclu\u00eddos os descontos previsto por lei, caso sejam aplicados.<\/p>\n<p style=\"padding-left: 60px;\"><strong>5.4.3<\/strong>\u00a0PR\u00caMIO DO P\u00daBLICO: O p\u00fablico escolher\u00e1, atrav\u00e9s de vota\u00e7\u00e3o ap\u00f3s a estreia das obras e independente do pr\u00eamio do j\u00fari, um compositor para receber a encomenda de uma obra a ser estreada pela Orquestra Sinf\u00f4nica da Bahia na sala principal do Teatro Castro Alves entre as temporadas de 2015 e 2016.<\/p>\n<p style=\"padding-left: 60px;\"><strong>5.4.4\u00a0<\/strong>PR\u00caMIO CAMAR\u00c1 ENSEMBLE: Dentre as\u00a0<strong><em>5<\/em><\/strong>\u00a0outras obras n\u00e3o finalistas selecionadas para leitura em ensaio aberto, uma ser\u00e1 escolhida para fazer parte do repert\u00f3rio do<em>\u00a0Camar\u00e1 Ensemble\u00a0<\/em>pelo diretor art\u00edstico do grupo durante as temporadas de 2015 e 2016.<\/p>\n<p style=\"padding-left: 60px;\"><strong>5.4.5\u00a0<\/strong>Men\u00e7\u00f5es honrosas poder\u00e3o ser atribu\u00eddas pelos jurados.<\/p>\n<p style=\"padding-left: 60px;\"><strong>5.4.6\u00a0<\/strong>Todos os <b><i>4<\/i><\/b>\u00a0compositores finalistas receber\u00e3o certificado, ter\u00e3o suas obras estreadas em concerto, gravadas e distribu\u00eddas digitalmente no site do PMCB.<\/p>\n<p><strong>6. Contato<\/strong><\/p>\n<p>Em caso de d\u00favidas, favor consultar a comiss\u00e3o organizadora exclusivamente atrav\u00e9s do e-mail\u00a0<a href=\"mailto:unicosprodutora@hotmail.com\"><em>unicosprodutora@hotmail.com<\/em><\/a>. \u00a0Informa\u00e7\u00f5es adicionais podem tamb\u00e9m ser vistas diretamente no site do projeto (curr\u00edculo dos jurados, equipe e comiss\u00e3o organizadora, apoios e parcerias).<\/p>\n<p>\u00a0<\/p>\n<div class=\"hrule clearfix\" style=\" height:1px\"><\/div>\n<\/div><\/div><\/div><\/div><\/div><div id=\"pg-1041-1\"  class=\"panel-grid panel-has-style\"  style=\"margin-bottom: 0px;margin-left: 0px;margin-right: 0px;\" ><div class=\"wide-parallax siteorigin-panels-stretch kt-panel-row-full-stretch panel-row-style panel-row-style-for-1041-1\" style=\"background-image: url(https:\/\/quirera.com\/pmcb\/wp-content\/uploads\/2015\/03\/rodape_inscricao.jpg);background-size: cover;visibility: hidden;padding-top: 45px; padding-bottom: 45px; \" data-stretch-type=\"full-stretched\" ><div id=\"pgc-1041-1-0\"  class=\"panel-grid-cell\" >\n\n          <div id=\"panel-1041-1-0-0\" class=\"so-panel widget widget_pinnacle_calltoaction_widget pinnacle_calltoaction_widget panel-first-child panel-last-child\" data-index=\"1\" ><h2 style=\"color:#ffffff;   text-align:center;\">Baixe o Regulamento Completo.<\/h2><div style=\"text-align:center\"><a href=\"https:\/\/quirera.com\/pmcb\/wp-content\/uploads\/2015\/03\/Regulamento_IPMCB.pdf\" id=\"kadbtn98\" target=\"_blank\" class=\"kad-btn btn-shortcode kad-btn-primary lg-kad-btn headerfont\" style=\"background-color:; border: 0 solid; border-color:#000; color:#ffffff\">Download <\/a><style type=\"text\/css\" media=\"screen\">#kadbtn98:hover {} <\/style><\/div><\/div>\n    <\/div><\/div><\/div><\/div>","protected":false},"excerpt":{"rendered":"<p>I PR\u00caMIO DE M\u00daSICA CONTEMPOR\u00c2NEA DA BAHIA\u00a01. ObjetivoAtrav\u00e9s de um concurso de composi\u00e7\u00e3o musical no qual um total de 9 &hellip; <a href=\"https:\/\/quirera.com\/pmcb\/regulamento\/\">Continue lendo<\/a><\/p>\n","protected":false},"author":1,"featured_media":0,"parent":0,"menu_order":0,"comment_status":"open","ping_status":"open","template":"","meta":[],"_links":{"self":[{"href":"https:\/\/quirera.com\/pmcb\/wp-json\/wp\/v2\/pages\/1041"}],"collection":[{"href":"https:\/\/quirera.com\/pmcb\/wp-json\/wp\/v2\/pages"}],"about":[{"href":"https:\/\/quirera.com\/pmcb\/wp-json\/wp\/v2\/types\/page"}],"author":[{"embeddable":true,"href":"https:\/\/quirera.com\/pmcb\/wp-json\/wp\/v2\/users\/1"}],"replies":[{"embeddable":true,"href":"https:\/\/quirera.com\/pmcb\/wp-json\/wp\/v2\/comments?post=1041"}],"version-history":[{"count":24,"href":"https:\/\/quirera.com\/pmcb\/wp-json\/wp\/v2\/pages\/1041\/revisions"}],"predecessor-version":[{"id":1403,"href":"https:\/\/quirera.com\/pmcb\/wp-json\/wp\/v2\/pages\/1041\/revisions\/1403"}],"wp:attachment":[{"href":"https:\/\/quirera.com\/pmcb\/wp-json\/wp\/v2\/media?parent=1041"}],"curies":[{"name":"wp","href":"https:\/\/api.w.org\/{rel}","templated":true}]}}